{"id":192,"date":"2022-10-17T15:01:04","date_gmt":"2022-10-17T13:01:04","guid":{"rendered":"http:\/\/eswncnv.cluster028.hosting.ovh.net\/?page_id=192"},"modified":"2022-11-18T12:28:03","modified_gmt":"2022-11-18T11:28:03","slug":"contact","status":"publish","type":"page","link":"https:\/\/digitalcooker.fr\/index.php\/contact\/","title":{"rendered":"Contact"},"content":{"rendered":"<div id='full_slider_1'  class='avia-fullwidth-slider main_color avia-shadow   avia-builder-el-0  el_before_av_two_fifth  avia-builder-el-first   container_wrap sidebar_right'  ><div  class='avia-slideshow av-l9si3u3b-a50af1e4c750a809a9c43bb681dc239b avia-slideshow-featured av_slideshow_full avia-slide-slider av-slideshow-ui av-control-default av-slideshow-manual av-loop-once av-loop-manual-endless av-default-height-applied   avia-slideshow-1' data-slideshow-options=\"{&quot;animation&quot;:&quot;slide&quot;,&quot;autoplay&quot;:false,&quot;loop_autoplay&quot;:&quot;once&quot;,&quot;interval&quot;:5,&quot;loop_manual&quot;:&quot;manual-endless&quot;,&quot;autoplay_stopper&quot;:false,&quot;noNavigation&quot;:false,&quot;bg_slider&quot;:false,&quot;keep_padding&quot;:false,&quot;hoverpause&quot;:false,&quot;show_slide_delay&quot;:0}\"  itemprop=\"image\" itemscope=\"itemscope\" itemtype=\"https:\/\/schema.org\/ImageObject\" ><ul class='avia-slideshow-inner ' style='padding-bottom: 28.666666666667%;'><li  class='avia-slideshow-slide av-l9si3u3b-a50af1e4c750a809a9c43bb681dc239b__0  av-single-slide slide-1 slide-odd'><div data-rel='slideshow-1' class='avia-slide-wrap '   ><img decoding=\"async\" class=\"wp-image-1000 avia-img-lazy-loading-not-1000\"  src=\"https:\/\/digitalcooker.fr\/wp-content\/uploads\/2022\/10\/HeaderLong-7-1500x430.jpg\" width=\"1500\" height=\"430\" title='Communiquer' alt=''  itemprop=\"thumbnailUrl\"   \/><\/div><\/li><\/ul><\/div><\/div><div id='after_full_slider_1'  class='main_color av_default_container_wrap container_wrap sidebar_right'  ><div class='container av-section-cont-open' ><div class='template-page content  av-content-small alpha units'><div class='post-entry post-entry-type-page post-entry-192'><div class='entry-content-wrapper clearfix'>\n<div class='flex_column av-ahgvs-28cb8dade23cdacb07640d0945dc06aa av_two_fifth  avia-builder-el-1  el_after_av_slideshow_full  el_before_av_three_fifth  avia-builder-el-first  first flex_column_div '     ><p>\n<style type=\"text\/css\" data-created_by=\"avia_inline_auto\" id=\"style-css-av-l9wm8030-abed9ec77cf7aad82a34887b234cdad5\">\n#top .av-special-heading.av-l9wm8030-abed9ec77cf7aad82a34887b234cdad5{\npadding-bottom:10px;\n}\nbody .av-special-heading.av-l9wm8030-abed9ec77cf7aad82a34887b234cdad5 .av-special-heading-tag .heading-char{\nfont-size:25px;\n}\n.av-special-heading.av-l9wm8030-abed9ec77cf7aad82a34887b234cdad5 .av-subheading{\nfont-size:15px;\n}\n<\/style>\n<div  class='av-special-heading av-l9wm8030-abed9ec77cf7aad82a34887b234cdad5 av-special-heading-h2  avia-builder-el-2  el_before_av_codeblock  avia-builder-el-first '><h2 class='av-special-heading-tag'  itemprop=\"headline\"  >Visitez notre showroom ?<\/h2><div class=\"special-heading-border\"><div class=\"special-heading-inner-border\"><\/div><\/div><\/div><br \/>\n<br \/>\n<div  class='hr av-a0eoo-ca0a4184c875c7a0cf71a586c7ad2d2c hr-default  avia-builder-el-4  el_after_av_codeblock  el_before_av_textblock '><span class='hr-inner '><span class=\"hr-inner-style\"><\/span><\/span><\/div><br \/>\n<section  class='av_textblock_section av-l9wm8soo-bfa4858c1adf95f8cb1241e1eefd702b'  itemscope=\"itemscope\" itemtype=\"https:\/\/schema.org\/CreativeWork\" ><div class='avia_textblock'  itemprop=\"text\" ><p><strong>ENVIE DE REJOINDRE NOTRE \u00c9QUIPE ?<\/strong><\/p>\n<p>Pour postuler, envoyez nous votre CV accompagn\u00e9 de votre portfolio,<br \/>\nr\u00e9f\u00e9rences par email :<br \/>\n<a href=\"mailto:info@digitalcooker.fr\" target=\"_blank\" rel=\"noopener\">info@digitalcooker.fr<\/a><br \/>\n+334 78 89 66 56<\/p>\n<\/div><\/section><\/p><\/div>\n<div class='flex_column av-17q54o-7efb1af6ac1a078b413b21795310e17d av_three_fifth  avia-builder-el-6  el_after_av_two_fifth  el_before_av_hr  flex_column_div '     ><form action=\"https:\/\/digitalcooker.fr\/index.php\/contact\/\" method=\"post\"  class=\"avia_ajax_form av-form-labels-visible   avia-builder-el-7  avia-builder-el-no-sibling   \" data-avia-form-id=\"1\" data-avia-redirect='' ><h3 class=''>Contactez-nous<\/h3><fieldset><p class='  first_form  form_element form_element_half' id='element_avia_1_1'><label for=\"avia_1_1\">Nom <abbr class=\"required\" title=\"requis(e)\">*<\/abbr><\/label> <input name=\"avia_1_1\" class=\"text_input is_empty\" type=\"text\" id=\"avia_1_1\" value=\"\" \/><\/p><p class='  form_element form_element_half' id='element_avia_2_1'><label for=\"avia_2_1\">Soci\u00e9t\u00e9 <abbr class=\"required\" title=\"requis(e)\">*<\/abbr><\/label> <input name=\"avia_2_1\" class=\"text_input is_empty\" type=\"text\" id=\"avia_2_1\" value=\"\" \/><\/p><p class='  first_form  form_element form_fullwidth' id='element_avia_3_1'><label for=\"avia_3_1\">Mail <abbr class=\"required\" title=\"requis(e)\">*<\/abbr><\/label> <input name=\"avia_3_1\" class=\"text_input is_empty\" type=\"text\" id=\"avia_3_1\" value=\"\" \/><\/p><p class='  first_form  form_element form_fullwidth' id='element_avia_4_1'><label for=\"avia_4_1\">T\u00e9l\u00e9phone de contact<\/label> <input name=\"avia_4_1\" class=\"text_input \" type=\"text\" id=\"avia_4_1\" value=\"\" \/><\/p><p class='  first_form  form_element form_fullwidth' id='element_avia_5_1'><label for=\"avia_5_1\" class=\"textare_label hidden textare_label_avia_5_1\">Message<\/label><textarea  name=\"avia_5_1\" class=\"text_area \" cols=\"40\" rows=\"7\" id=\"avia_5_1\" ><\/textarea><\/p><p class='  first_form  form_element form_fullwidth' id='element_avia_6_1'><input  name=\"avia_6_1\" class=\"input_checkbox \" type=\"checkbox\" id=\"avia_6_1\" value=\"true\"\/><label class=\"input_checkbox_label\" for=\"avia_6_1\">Je refuse que la soci\u00e9t\u00e9 Digital Cooker me propose par courriel des produits ou services<\/label><\/p><p class=\"hidden\"><input type=\"text\" name=\"avia_7_1\" class=\"hidden \" id=\"avia_7_1\" value=\"\" \/><\/p><div id='avia_8_1' class='av-recaptcha-area  first_form  form_element form_fullwidth '  data-container_class=\"\" data-custom_class=\"\" data-context=\"av_contact_form\" data-token_input=\"av_recaptcha_token\" data-version=\"avia_recaptcha_v2\" data-theme=\"light\" data-size=\"normal\" data-score=\"0.5\" data-text_to_preview=\"\" data-value=\"\"><div class=\"av-google-badge-message hidden\">Ce site est prot\u00e9g\u00e9 par reCAPTCHA et la <a href=\"https:\/\/policies.google.com\/privacy\">politique de confidentialit\u00e9<\/a> de Google et <a href=\"https:\/\/policies.google.com\/terms\">leur conditions d\u2019utilisation<\/a> s\u2019appliquent.<\/div><\/div><p class=\"form_element \"><input type=\"hidden\" value=\"1\" name=\"avia_generated_form1\" \/><input type=\"submit\" value=\"Valider\" class=\"button\"  data-sending-label=\"Envoi\"\/><\/p><\/fieldset><div class=\"avia-disabled-form\">Ce formulaire est d\u00e9sactiv\u00e9 dans la mesure o\u00f9 vous refusez d\u2019accepter le service Google reCAPTCHA n\u00e9cessaire pour valider toute exp\u00e9dition de message depuis celui-ci.<\/div><\/form><div id=\"ajaxresponse_1\" class=\"ajaxresponse ajaxresponse_1 hidden\"><\/div><\/div><div  class='hr av-6u4hk-52a756c0ebd98663c71bd735e4fc14f3 hr-default  avia-builder-el-8  el_after_av_three_fifth  el_before_av_textblock '><span class='hr-inner '><span class=\"hr-inner-style\"><\/span><\/span><\/div><\/p>\n<section  class='av_textblock_section av-l9wmgygf-00c2e6c74a773e71647e3e8be7593287'  itemscope=\"itemscope\" itemtype=\"https:\/\/schema.org\/CreativeWork\" ><div class='avia_textblock'  itemprop=\"text\" ><p style=\"text-align: center;\">Nous collectons ces donn\u00e9es afin de vous adresser par courriel les informations aue vous avez sollicit\u00e9es. Nous utilisons \u00e9galement votre courriel pour vous adresser des publicit\u00e9s sur nos produits et services.<br \/>\n<a href=\"https:\/\/eswncnv.cluster028.hosting.ovh.net\/index.php\/__trashed\/\" target=\"_blank\" rel=\"noopener\">En savoir plus sur la gestion de vos donn\u00e9es et vos droits.<\/a><\/p>\n<\/div><\/section>\n","protected":false},"excerpt":{"rendered":"","protected":false},"author":1,"featured_media":0,"parent":0,"menu_order":0,"comment_status":"closed","ping_status":"closed","template":"","meta":{"footnotes":""},"class_list":["post-192","page","type-page","status-publish","hentry"],"yoast_head":"<!-- This site is optimized with the Yoast SEO plugin v20.0 - https:\/\/yoast.com\/wordpress\/plugins\/seo\/ -->\n<title>Contact - Digital Cooker<\/title>\n<meta name=\"robots\" content=\"index, follow, max-snippet:-1, max-image-preview:large, max-video-preview:-1\" \/>\n<link rel=\"canonical\" href=\"https:\/\/digitalcooker.fr\/index.php\/contact\/\" \/>\n<meta property=\"og:locale\" content=\"fr_FR\" \/>\n<meta property=\"og:type\" content=\"article\" \/>\n<meta property=\"og:title\" content=\"Contact - Digital Cooker\" \/>\n<meta property=\"og:url\" content=\"https:\/\/digitalcooker.fr\/index.php\/contact\/\" \/>\n<meta property=\"og:site_name\" content=\"Digital Cooker\" \/>\n<meta property=\"article:publisher\" content=\"https:\/\/www.facebook.com\/DigitalCooker\/\" \/>\n<meta property=\"article:modified_time\" content=\"2022-11-18T11:28:03+00:00\" \/>\n<meta name=\"twitter:card\" content=\"summary_large_image\" \/>\n<meta name=\"twitter:label1\" content=\"Dur\u00e9e de lecture estim\u00e9e\" \/>\n\t<meta name=\"twitter:data1\" content=\"4 minutes\" \/>\n<script type=\"application\/ld+json\" class=\"yoast-schema-graph\">{\"@context\":\"https:\/\/schema.org\",\"@graph\":[{\"@type\":\"WebPage\",\"@id\":\"https:\/\/digitalcooker.fr\/index.php\/contact\/\",\"url\":\"https:\/\/digitalcooker.fr\/index.php\/contact\/\",\"name\":\"Contact - Digital Cooker\",\"isPartOf\":{\"@id\":\"https:\/\/digitalcooker.fr\/#website\"},\"datePublished\":\"2022-10-17T13:01:04+00:00\",\"dateModified\":\"2022-11-18T11:28:03+00:00\",\"breadcrumb\":{\"@id\":\"https:\/\/digitalcooker.fr\/index.php\/contact\/#breadcrumb\"},\"inLanguage\":\"fr-FR\",\"potentialAction\":[{\"@type\":\"ReadAction\",\"target\":[\"https:\/\/digitalcooker.fr\/index.php\/contact\/\"]}]},{\"@type\":\"BreadcrumbList\",\"@id\":\"https:\/\/digitalcooker.fr\/index.php\/contact\/#breadcrumb\",\"itemListElement\":[{\"@type\":\"ListItem\",\"position\":1,\"name\":\"Accueil\",\"item\":\"https:\/\/digitalcooker.fr\/index.php\/accueil\/\"},{\"@type\":\"ListItem\",\"position\":2,\"name\":\"Contact\"}]},{\"@type\":\"WebSite\",\"@id\":\"https:\/\/digitalcooker.fr\/#website\",\"url\":\"https:\/\/digitalcooker.fr\/\",\"name\":\"Digital Cooker\",\"description\":\"Agence sp\u00e9cialis\u00e9e dans la conception et le d\u00e9veloppement d&#039;applications tactiles, mobiles\",\"publisher\":{\"@id\":\"https:\/\/digitalcooker.fr\/#organization\"},\"potentialAction\":[{\"@type\":\"SearchAction\",\"target\":{\"@type\":\"EntryPoint\",\"urlTemplate\":\"https:\/\/digitalcooker.fr\/?s={search_term_string}\"},\"query-input\":\"required name=search_term_string\"}],\"inLanguage\":\"fr-FR\"},{\"@type\":\"Organization\",\"@id\":\"https:\/\/digitalcooker.fr\/#organization\",\"name\":\"Digital Cooker\",\"url\":\"https:\/\/digitalcooker.fr\/\",\"logo\":{\"@type\":\"ImageObject\",\"inLanguage\":\"fr-FR\",\"@id\":\"https:\/\/digitalcooker.fr\/#\/schema\/logo\/image\/\",\"url\":\"http:\/\/eswncnv.cluster028.hosting.ovh.net\/wp-content\/uploads\/2022\/10\/logo_only-1-300x194-1.png\",\"contentUrl\":\"http:\/\/eswncnv.cluster028.hosting.ovh.net\/wp-content\/uploads\/2022\/10\/logo_only-1-300x194-1.png\",\"width\":300,\"height\":194,\"caption\":\"Digital Cooker\"},\"image\":{\"@id\":\"https:\/\/digitalcooker.fr\/#\/schema\/logo\/image\/\"},\"sameAs\":[\"https:\/\/www.linkedin.com\/company\/dynamic-view\",\"https:\/\/www.facebook.com\/DigitalCooker\/\"]}]}<\/script>\n<!-- \/ Yoast SEO plugin. -->","yoast_head_json":{"title":"Contact - Digital Cooker","robots":{"index":"index","follow":"follow","max-snippet":"max-snippet:-1","max-image-preview":"max-image-preview:large","max-video-preview":"max-video-preview:-1"},"canonical":"https:\/\/digitalcooker.fr\/index.php\/contact\/","og_locale":"fr_FR","og_type":"article","og_title":"Contact - Digital Cooker","og_url":"https:\/\/digitalcooker.fr\/index.php\/contact\/","og_site_name":"Digital Cooker","article_publisher":"https:\/\/www.facebook.com\/DigitalCooker\/","article_modified_time":"2022-11-18T11:28:03+00:00","twitter_card":"summary_large_image","twitter_misc":{"Dur\u00e9e de lecture estim\u00e9e":"4 minutes"},"schema":{"@context":"https:\/\/schema.org","@graph":[{"@type":"WebPage","@id":"https:\/\/digitalcooker.fr\/index.php\/contact\/","url":"https:\/\/digitalcooker.fr\/index.php\/contact\/","name":"Contact - Digital Cooker","isPartOf":{"@id":"https:\/\/digitalcooker.fr\/#website"},"datePublished":"2022-10-17T13:01:04+00:00","dateModified":"2022-11-18T11:28:03+00:00","breadcrumb":{"@id":"https:\/\/digitalcooker.fr\/index.php\/contact\/#breadcrumb"},"inLanguage":"fr-FR","potentialAction":[{"@type":"ReadAction","target":["https:\/\/digitalcooker.fr\/index.php\/contact\/"]}]},{"@type":"BreadcrumbList","@id":"https:\/\/digitalcooker.fr\/index.php\/contact\/#breadcrumb","itemListElement":[{"@type":"ListItem","position":1,"name":"Accueil","item":"https:\/\/digitalcooker.fr\/index.php\/accueil\/"},{"@type":"ListItem","position":2,"name":"Contact"}]},{"@type":"WebSite","@id":"https:\/\/digitalcooker.fr\/#website","url":"https:\/\/digitalcooker.fr\/","name":"Digital Cooker","description":"Agence sp\u00e9cialis\u00e9e dans la conception et le d\u00e9veloppement d&#039;applications tactiles, mobiles","publisher":{"@id":"https:\/\/digitalcooker.fr\/#organization"},"potentialAction":[{"@type":"SearchAction","target":{"@type":"EntryPoint","urlTemplate":"https:\/\/digitalcooker.fr\/?s={search_term_string}"},"query-input":"required name=search_term_string"}],"inLanguage":"fr-FR"},{"@type":"Organization","@id":"https:\/\/digitalcooker.fr\/#organization","name":"Digital Cooker","url":"https:\/\/digitalcooker.fr\/","logo":{"@type":"ImageObject","inLanguage":"fr-FR","@id":"https:\/\/digitalcooker.fr\/#\/schema\/logo\/image\/","url":"http:\/\/eswncnv.cluster028.hosting.ovh.net\/wp-content\/uploads\/2022\/10\/logo_only-1-300x194-1.png","contentUrl":"http:\/\/eswncnv.cluster028.hosting.ovh.net\/wp-content\/uploads\/2022\/10\/logo_only-1-300x194-1.png","width":300,"height":194,"caption":"Digital Cooker"},"image":{"@id":"https:\/\/digitalcooker.fr\/#\/schema\/logo\/image\/"},"sameAs":["https:\/\/www.linkedin.com\/company\/dynamic-view","https:\/\/www.facebook.com\/DigitalCooker\/"]}]}},"_links":{"self":[{"href":"https:\/\/digitalcooker.fr\/index.php\/wp-json\/wp\/v2\/pages\/192","targetHints":{"allow":["GET"]}}],"collection":[{"href":"https:\/\/digitalcooker.fr\/index.php\/wp-json\/wp\/v2\/pages"}],"about":[{"href":"https:\/\/digitalcooker.fr\/index.php\/wp-json\/wp\/v2\/types\/page"}],"author":[{"embeddable":true,"href":"https:\/\/digitalcooker.fr\/index.php\/wp-json\/wp\/v2\/users\/1"}],"replies":[{"embeddable":true,"href":"https:\/\/digitalcooker.fr\/index.php\/wp-json\/wp\/v2\/comments?post=192"}],"version-history":[{"count":32,"href":"https:\/\/digitalcooker.fr\/index.php\/wp-json\/wp\/v2\/pages\/192\/revisions"}],"predecessor-version":[{"id":1482,"href":"https:\/\/digitalcooker.fr\/index.php\/wp-json\/wp\/v2\/pages\/192\/revisions\/1482"}],"wp:attachment":[{"href":"https:\/\/digitalcooker.fr\/index.php\/wp-json\/wp\/v2\/media?parent=192"}],"curies":[{"name":"wp","href":"https:\/\/api.w.org\/{rel}","templated":true}]}}